{"id":2024,"date":"2024-12-19T08:56:08","date_gmt":"2024-12-19T08:56:08","guid":{"rendered":"https:\/\/east-reinigung.de\/?page_id=2024"},"modified":"2024-12-19T19:05:40","modified_gmt":"2024-12-19T19:05:40","slug":"impressum","status":"publish","type":"page","link":"https:\/\/east-reinigung.de\/index.php\/impressum\/","title":{"rendered":"Impressum"},"content":{"rendered":"\t\t<div data-elementor-type=\"wp-page\" data-elementor-id=\"2024\" class=\"elementor elementor-2024\">\n\t\t\t\t\t\t\t\t\t<section class=\"elementor-section elementor-top-section elementor-element elementor-element-4ea8ef8 elementor-section-boxed elementor-section-height-default elementor-section-height-default\" data-id=\"4ea8ef8\" data-element_type=\"section\">\n\t\t\t\t\t\t<div class=\"elementor-container elementor-column-gap-default\">\n\t\t\t\t\t<div class=\"elementor-column elementor-col-100 elementor-top-column elementor-element elementor-element-600feb7\" data-id=\"600feb7\" data-element_type=\"column\">\n\t\t\t<div class=\"elementor-widget-wrap elementor-element-populated\">\n\t\t\t\t\t\t\t\t<div class=\"elementor-element elementor-element-099c83f elementor-widget elementor-widget-text-editor\" data-id=\"099c83f\" data-element_type=\"widget\" data-widget_type=\"text-editor.default\">\n\t\t\t\t<div class=\"elementor-widget-container\">\n\t\t\t<style>\/*! elementor - v3.10.2 - 29-01-2023 *\/\n.elementor-widget-text-editor.elementor-drop-cap-view-stacked .elementor-drop-cap{background-color:#818a91;color:#fff}.elementor-widget-text-editor.elementor-drop-cap-view-framed .elementor-drop-cap{color:#818a91;border:3px solid;background-color:transparent}.elementor-widget-text-editor:not(.elementor-drop-cap-view-default) .elementor-drop-cap{margin-top:8px}.elementor-widget-text-editor:not(.elementor-drop-cap-view-default) .elementor-drop-cap-letter{width:1em;height:1em}.elementor-widget-text-editor .elementor-drop-cap{float:left;text-align:center;line-height:1;font-size:50px}.elementor-widget-text-editor .elementor-drop-cap-letter{display:inline-block}<\/style>\t\t\t\t<p>\u00a0<\/p><hr \/><p><strong>Impressum<\/strong><\/p><p><strong>Angaben gem\u00e4\u00df \u00a7 5 TMG<\/strong><br \/>East Reinigung<br \/>Gr\u00fctzm\u00fchlenweg 87<br \/>22339 Hamburg<\/p><p><strong>Vertreten durch:<\/strong><br \/>Gesch\u00e4ftsf\u00fchrer<\/p><p>Ramin Zafarani<\/p><p><strong>Kontakt:<\/strong><br \/>Telefon: 040 60066798<br \/>E-Mail: <a href=\"mailto:info@east-reinigung.de\">info@east-reinigung.de<\/a><\/p><p><strong>Umsatzsteuer-ID:<\/strong><br \/>Umsatzsteuer-Identifikationsnummer gem\u00e4\u00df \u00a7 27 a Umsatzsteuergesetz:\u00a0<span style=\"color: var(--link); white-space-collapse: preserve; font-family: var( --e-global-typography-text-font-family ), Sans-serif; font-weight: var( --e-global-typography-text-font-weight );\">5027500597<\/span><\/p><p><strong>Aufsichtsbeh\u00f6rde:<\/strong><br \/>Hamburg\u00a0<\/p><p><strong>Haftung f\u00fcr Inhalte<\/strong><br \/>Als Diensteanbieter sind wir gem\u00e4\u00df \u00a7 7 Abs.1 TMG f\u00fcr eigene Inhalte auf diesen Seiten nach den allgemeinen Gesetzen verantwortlich. Nach \u00a7\u00a7 8 bis 10 TMG sind wir als Diensteanbieter jedoch nicht verpflichtet, \u00fcbermittelte oder gespeicherte fremde Informationen zu \u00fcberwachen oder nach Umst\u00e4nden zu forschen, die auf eine rechtswidrige T\u00e4tigkeit hinweisen.<\/p><p>Verpflichtungen zur Entfernung oder Sperrung der Nutzung von Informationen nach den allgemeinen Gesetzen bleiben hiervon unber\u00fchrt. Eine diesbez\u00fcgliche Haftung ist jedoch erst ab dem Zeitpunkt der Kenntnis einer konkreten Rechtsverletzung m\u00f6glich. Bei Bekanntwerden von entsprechenden Rechtsverletzungen werden wir diese Inhalte umgehend entfernen.<\/p><p><strong>Haftung f\u00fcr Links<\/strong><br \/>Unser Angebot enth\u00e4lt Links zu externen Websites Dritter, auf deren Inhalte wir keinen Einfluss haben. Deshalb k\u00f6nnen wir f\u00fcr diese fremden Inhalte auch keine Gew\u00e4hr \u00fcbernehmen. F\u00fcr die Inhalte der verlinkten Seiten ist stets der jeweilige Anbieter oder Betreiber der Seiten verantwortlich. Die verlinkten Seiten wurden zum Zeitpunkt der Verlinkung auf m\u00f6gliche Rechtsverst\u00f6\u00dfe \u00fcberpr\u00fcft. Rechtswidrige Inhalte waren zum Zeitpunkt der Verlinkung nicht erkennbar.<\/p><p>Eine permanente inhaltliche Kontrolle der verlinkten Seiten ist jedoch ohne konkrete Anhaltspunkte einer Rechtsverletzung nicht zumutbar. Bei Bekanntwerden von Rechtsverletzungen werden wir derartige Links umgehend entfernen.<\/p><p><strong>Urheberrecht<\/strong><br \/>Die durch die Seitenbetreiber erstellten Inhalte und Werke auf diesen Seiten unterliegen dem deutschen Urheberrecht. Die Vervielf\u00e4ltigung, Bearbeitung, Verbreitung und jede Art der Verwertung au\u00dferhalb der Grenzen des Urheberrechtes bed\u00fcrfen der schriftlichen Zustimmung des jeweiligen Autors bzw. Erstellers. Downloads und Kopien dieser Seite sind nur f\u00fcr den privaten, nicht kommerziellen Gebrauch gestattet.<\/p><p>Soweit die Inhalte auf dieser Seite nicht vom Betreiber erstellt wurden, werden die Urheberrechte Dritter beachtet. Insbesondere werden Inhalte Dritter als solche gekennzeichnet. Sollten Sie trotzdem auf eine Urheberrechtsverletzung aufmerksam werden, bitten wir um einen entsprechenden Hinweis. Bei Bekanntwerden von Rechtsverletzungen werden wir derartige Inhalte umgehend entfernen.<\/p><p>\u00a0<\/p>\t\t\t\t\t\t<\/div>\n\t\t\t\t<\/div>\n\t\t\t\t\t<\/div>\n\t\t<\/div>\n\t\t\t\t\t\t\t<\/div>\n\t\t<\/section>\n\t\t\t\t\t\t\t<\/div>\n\t\t","protected":false},"excerpt":{"rendered":"<p>\u00a0 Impressum Angaben gem\u00e4\u00df \u00a7 5 TMGEast ReinigungGr\u00fctzm\u00fchlenweg 8722339 Hamburg Vertreten durch:Gesch\u00e4ftsf\u00fchrer Ramin Zafarani Kontakt:Telefon: 040 60066798E-Mail: info@east-reinigung.de Umsatzsteuer-ID:Umsatzsteuer-Identifikationsnummer gem\u00e4\u00df \u00a7 27 a Umsatzsteuergesetz:\u00a05027500597 Aufsichtsbeh\u00f6rde:Hamburg\u00a0 Haftung f\u00fcr InhalteAls Diensteanbieter sind wir gem\u00e4\u00df \u00a7 7 Abs.1 TMG f\u00fcr eigene Inhalte auf diesen Seiten nach den allgemeinen Gesetzen verantwortlich. Nach \u00a7\u00a7 8 bis 10 TMG sind wir [&hellip;]<\/p>\n","protected":false},"author":1,"featured_media":0,"parent":0,"menu_order":0,"comment_status":"closed","ping_status":"closed","template":"","meta":[],"yoast_head":"<!-- This site is optimized with the Yoast SEO plugin v20.6 - https:\/\/yoast.com\/wordpress\/plugins\/seo\/ -->\n<title>Impressum - East Reinigung<\/title>\n<meta name=\"robots\" content=\"index, follow, max-snippet:-1, max-image-preview:large, max-video-preview:-1\" \/>\n<link rel=\"canonical\" href=\"https:\/\/east-reinigung.de\/index.php\/impressum\/\" \/>\n<meta property=\"og:locale\" content=\"de_DE\" \/>\n<meta property=\"og:type\" content=\"article\" \/>\n<meta property=\"og:title\" content=\"Impressum - East Reinigung\" \/>\n<meta property=\"og:description\" content=\"\u00a0 Impressum Angaben gem\u00e4\u00df \u00a7 5 TMGEast ReinigungGr\u00fctzm\u00fchlenweg 8722339 Hamburg Vertreten durch:Gesch\u00e4ftsf\u00fchrer Ramin Zafarani Kontakt:Telefon: 040 60066798E-Mail: info@east-reinigung.de Umsatzsteuer-ID:Umsatzsteuer-Identifikationsnummer gem\u00e4\u00df \u00a7 27 a Umsatzsteuergesetz:\u00a05027500597 Aufsichtsbeh\u00f6rde:Hamburg\u00a0 Haftung f\u00fcr InhalteAls Diensteanbieter sind wir gem\u00e4\u00df \u00a7 7 Abs.1 TMG f\u00fcr eigene Inhalte auf diesen Seiten nach den allgemeinen Gesetzen verantwortlich. Nach \u00a7\u00a7 8 bis 10 TMG sind wir [&hellip;]\" \/>\n<meta property=\"og:url\" content=\"https:\/\/east-reinigung.de\/index.php\/impressum\/\" \/>\n<meta property=\"og:site_name\" content=\"East Reinigung\" \/>\n<meta property=\"article:modified_time\" content=\"2024-12-19T19:05:40+00:00\" \/>\n<meta name=\"twitter:card\" content=\"summary_large_image\" \/>\n<meta name=\"twitter:label1\" content=\"Gesch\u00e4tzte Lesezeit\" \/>\n\t<meta name=\"twitter:data1\" content=\"2\u00a0Minuten\" \/>\n<script type=\"application\/ld+json\" class=\"yoast-schema-graph\">{\"@context\":\"https:\/\/schema.org\",\"@graph\":[{\"@type\":\"WebPage\",\"@id\":\"https:\/\/east-reinigung.de\/index.php\/impressum\/\",\"url\":\"https:\/\/east-reinigung.de\/index.php\/impressum\/\",\"name\":\"Impressum - East Reinigung\",\"isPartOf\":{\"@id\":\"https:\/\/east-reinigung.de\/#website\"},\"datePublished\":\"2024-12-19T08:56:08+00:00\",\"dateModified\":\"2024-12-19T19:05:40+00:00\",\"breadcrumb\":{\"@id\":\"https:\/\/east-reinigung.de\/index.php\/impressum\/#breadcrumb\"},\"inLanguage\":\"de\",\"potentialAction\":[{\"@type\":\"ReadAction\",\"target\":[\"https:\/\/east-reinigung.de\/index.php\/impressum\/\"]}]},{\"@type\":\"BreadcrumbList\",\"@id\":\"https:\/\/east-reinigung.de\/index.php\/impressum\/#breadcrumb\",\"itemListElement\":[{\"@type\":\"ListItem\",\"position\":1,\"name\":\"Home\",\"item\":\"https:\/\/east-reinigung.de\/\"},{\"@type\":\"ListItem\",\"position\":2,\"name\":\"Impressum\"}]},{\"@type\":\"WebSite\",\"@id\":\"https:\/\/east-reinigung.de\/#website\",\"url\":\"https:\/\/east-reinigung.de\/\",\"name\":\"East Reinigung\",\"description\":\"geb\u00e4udereinigung hamburg\",\"publisher\":{\"@id\":\"https:\/\/east-reinigung.de\/#organization\"},\"potentialAction\":[{\"@type\":\"SearchAction\",\"target\":{\"@type\":\"EntryPoint\",\"urlTemplate\":\"https:\/\/east-reinigung.de\/?s={search_term_string}\"},\"query-input\":\"required name=search_term_string\"}],\"inLanguage\":\"de\"},{\"@type\":\"Organization\",\"@id\":\"https:\/\/east-reinigung.de\/#organization\",\"name\":\"East Reinigung\",\"url\":\"https:\/\/east-reinigung.de\/\",\"logo\":{\"@type\":\"ImageObject\",\"inLanguage\":\"de\",\"@id\":\"https:\/\/east-reinigung.de\/#\/schema\/logo\/image\/\",\"url\":\"https:\/\/east-reinigung.de\/wp-content\/uploads\/2023\/01\/web-logo.png\",\"contentUrl\":\"https:\/\/east-reinigung.de\/wp-content\/uploads\/2023\/01\/web-logo.png\",\"width\":899,\"height\":446,\"caption\":\"East Reinigung\"},\"image\":{\"@id\":\"https:\/\/east-reinigung.de\/#\/schema\/logo\/image\/\"}}]}<\/script>\n<!-- \/ Yoast SEO plugin. -->","yoast_head_json":{"title":"Impressum - East Reinigung","robots":{"index":"index","follow":"follow","max-snippet":"max-snippet:-1","max-image-preview":"max-image-preview:large","max-video-preview":"max-video-preview:-1"},"canonical":"https:\/\/east-reinigung.de\/index.php\/impressum\/","og_locale":"de_DE","og_type":"article","og_title":"Impressum - East Reinigung","og_description":"\u00a0 Impressum Angaben gem\u00e4\u00df \u00a7 5 TMGEast ReinigungGr\u00fctzm\u00fchlenweg 8722339 Hamburg Vertreten durch:Gesch\u00e4ftsf\u00fchrer Ramin Zafarani Kontakt:Telefon: 040 60066798E-Mail: info@east-reinigung.de Umsatzsteuer-ID:Umsatzsteuer-Identifikationsnummer gem\u00e4\u00df \u00a7 27 a Umsatzsteuergesetz:\u00a05027500597 Aufsichtsbeh\u00f6rde:Hamburg\u00a0 Haftung f\u00fcr InhalteAls Diensteanbieter sind wir gem\u00e4\u00df \u00a7 7 Abs.1 TMG f\u00fcr eigene Inhalte auf diesen Seiten nach den allgemeinen Gesetzen verantwortlich. Nach \u00a7\u00a7 8 bis 10 TMG sind wir [&hellip;]","og_url":"https:\/\/east-reinigung.de\/index.php\/impressum\/","og_site_name":"East Reinigung","article_modified_time":"2024-12-19T19:05:40+00:00","twitter_card":"summary_large_image","twitter_misc":{"Gesch\u00e4tzte Lesezeit":"2\u00a0Minuten"},"schema":{"@context":"https:\/\/schema.org","@graph":[{"@type":"WebPage","@id":"https:\/\/east-reinigung.de\/index.php\/impressum\/","url":"https:\/\/east-reinigung.de\/index.php\/impressum\/","name":"Impressum - East Reinigung","isPartOf":{"@id":"https:\/\/east-reinigung.de\/#website"},"datePublished":"2024-12-19T08:56:08+00:00","dateModified":"2024-12-19T19:05:40+00:00","breadcrumb":{"@id":"https:\/\/east-reinigung.de\/index.php\/impressum\/#breadcrumb"},"inLanguage":"de","potentialAction":[{"@type":"ReadAction","target":["https:\/\/east-reinigung.de\/index.php\/impressum\/"]}]},{"@type":"BreadcrumbList","@id":"https:\/\/east-reinigung.de\/index.php\/impressum\/#breadcrumb","itemListElement":[{"@type":"ListItem","position":1,"name":"Home","item":"https:\/\/east-reinigung.de\/"},{"@type":"ListItem","position":2,"name":"Impressum"}]},{"@type":"WebSite","@id":"https:\/\/east-reinigung.de\/#website","url":"https:\/\/east-reinigung.de\/","name":"East Reinigung","description":"geb\u00e4udereinigung hamburg","publisher":{"@id":"https:\/\/east-reinigung.de\/#organization"},"potentialAction":[{"@type":"SearchAction","target":{"@type":"EntryPoint","urlTemplate":"https:\/\/east-reinigung.de\/?s={search_term_string}"},"query-input":"required name=search_term_string"}],"inLanguage":"de"},{"@type":"Organization","@id":"https:\/\/east-reinigung.de\/#organization","name":"East Reinigung","url":"https:\/\/east-reinigung.de\/","logo":{"@type":"ImageObject","inLanguage":"de","@id":"https:\/\/east-reinigung.de\/#\/schema\/logo\/image\/","url":"https:\/\/east-reinigung.de\/wp-content\/uploads\/2023\/01\/web-logo.png","contentUrl":"https:\/\/east-reinigung.de\/wp-content\/uploads\/2023\/01\/web-logo.png","width":899,"height":446,"caption":"East Reinigung"},"image":{"@id":"https:\/\/east-reinigung.de\/#\/schema\/logo\/image\/"}}]}},"_links":{"self":[{"href":"https:\/\/east-reinigung.de\/index.php\/wp-json\/wp\/v2\/pages\/2024"}],"collection":[{"href":"https:\/\/east-reinigung.de\/index.php\/wp-json\/wp\/v2\/pages"}],"about":[{"href":"https:\/\/east-reinigung.de\/index.php\/wp-json\/wp\/v2\/types\/page"}],"author":[{"embeddable":true,"href":"https:\/\/east-reinigung.de\/index.php\/wp-json\/wp\/v2\/users\/1"}],"replies":[{"embeddable":true,"href":"https:\/\/east-reinigung.de\/index.php\/wp-json\/wp\/v2\/comments?post=2024"}],"version-history":[{"count":10,"href":"https:\/\/east-reinigung.de\/index.php\/wp-json\/wp\/v2\/pages\/2024\/revisions"}],"predecessor-version":[{"id":2044,"href":"https:\/\/east-reinigung.de\/index.php\/wp-json\/wp\/v2\/pages\/2024\/revisions\/2044"}],"wp:attachment":[{"href":"https:\/\/east-reinigung.de\/index.php\/wp-json\/wp\/v2\/media?parent=2024"}],"curies":[{"name":"wp","href":"https:\/\/api.w.org\/{rel}","templated":true}]}}